{"id":1657,"date":"2020-03-31T14:20:33","date_gmt":"2020-03-31T13:20:33","guid":{"rendered":"https:\/\/anny-klawa-morf.ch\/?page_id=1657"},"modified":"2025-04-08T13:08:23","modified_gmt":"2025-04-08T12:08:23","slug":"sostegno","status":"publish","type":"page","link":"https:\/\/anny-klawa-morf.ch\/it\/fondazione\/sostegno\/","title":{"rendered":"Sostegno"},"content":{"rendered":"\n<p>Sostieni i progetti e le attivit\u00e0 della Fondazione Anny-Klawa-Morf. La fondazione \u00e8 esentata dal pagamento delle imposte nel cantone in cui ha sede, in quanto riconosciuta di pubblica utilit\u00e0. Di conseguenza, le donazioni volontarie a favore della fondazione sono deducibili nei limiti previsti dalla legge. Tutte le donazioni vengono divulgate nella relazione annuale, indicandone la provenienza e l&#8217;importo; la fondazione non accetta donazioni anonime.<\/p>\n\n\n\n<p>\u00c8 possibile effettuare una donazione online utilizzando il seguente modulo:<\/p>\n\n\n\n<div id=\"rnw-paylink-button-fmndz\"><\/div>\n<script type=\"module\">\n  import {PaylinkButton} from \"https:\/\/unpkg.com\/@raisenow\/paylink-button@2\/dist\/PaylinkButton.js\"\n  PaylinkButton.render(\"#rnw-paylink-button-fmndz\", {\n    \"solution-id\": \"fmndz\",\n    \"size\": \"large\",\n    \"width\": \"fixed\",\n    \"icon\": \"heart\",\n    \"label\": \"Spenden\",\n    \"border-radius\": \"8px\",\n    \"background-color\": \"#444444\",\n  })\n<\/script>\n\n\n\n<p>Se desiderate donare tramite bonifico bancario:<\/p>\n\n\n\n<ul class=\"wp-block-list\">\n<li>Destinatario: Anny-Klawa-Morf-Stiftung<\/li>\n\n\n\n<li>Banca: PostFinance<\/li>\n\n\n\n<li>IBAN: CH92 0900 0000 1527 0432 9<\/li>\n\n\n\n<li>BIC: POFICHBEXXX<\/li>\n\n\n\n<li>Causale: Donazione<\/li>\n<\/ul>\n\n\n\n<p><em>Vi chiediamo indicare il vostro indirizzo completo in fase di pagamento, per potervi inviare una ricevuta della donazione.&nbsp;<\/em><\/p>\n\n\n\n<p>Qui troverete il nostro codice Twint, che potrete utilizzare per inviarci bonifici (con una nota) o donazioni (con una nota: donazione).<\/p>\n\n\n\n<figure class=\"wp-block-image size-full\"><img loading=\"lazy\" decoding=\"async\" width=\"573\" height=\"855\" src=\"https:\/\/anny-klawa-morf.ch\/wp-content\/uploads\/2025\/04\/AKM-Twint-Code-1.jpg\" alt=\"\" class=\"wp-image-7589\" srcset=\"https:\/\/anny-klawa-morf.ch\/wp-content\/uploads\/2025\/04\/AKM-Twint-Code-1.jpg 573w, https:\/\/anny-klawa-morf.ch\/wp-content\/uploads\/2025\/04\/AKM-Twint-Code-1-201x300.jpg 201w\" sizes=\"auto, (max-width: 573px) 100vw, 573px\" \/><\/figure>\n\n\n\n<p>Se desiderate sostenere regolarmente le nostre attivit\u00e0, potete diventare sostenitori dell&#8217;educazione politica con un contributo minimo di 500 franchi. In questo modo, potrete beneficiare della seguente offerta:<\/p>\n\n\n\n<ul class=\"wp-block-list\">\n<li>Ogni anno, riceverete un invito a un evento esclusivo dietro le quinte di uno dei nostri eventi di educazione politica, durante il quale i sostenitori potranno interagire direttamente con i relatori di alto livello. <\/li>\n\n\n\n<li>I sostenitori riceveranno anche la relazione annuale della Fondazione AKM, che verr\u00e0 loro inviata per posta in primavera.<\/li>\n<\/ul>\n\n\n\n<p>Se siete interessati, potete registrarvi qui:<\/p>\n\n\n\n<div data-tf-widget=\"EUczqCW6\" data-tf-opacity=\"100\" data-tf-iframe-props=\"title=Beitritt_F\u00f6rder*in_Formular\" data-tf-transitive-search-params data-tf-medium=\"snippet\" style=\"width:100%;height:500px;\"><\/div><script src=\"\/\/embed.typeform.com\/next\/embed.js\"><\/script>\n\n\n\n<p>Tutte le donazioni vengono divulgate nella relazione annuale, indicandone la provenienza e l&#8217;importo. La fondazione si attiene in tal modo alla Raccomandazione Rec(2003)4 del Comitato dei Ministri del Consiglio d&#8217;Europa dell&#8217;8 aprile 2003. La fondazione non accetta donazioni anonime.<\/p>\n","protected":false},"excerpt":{"rendered":"<p>Sostieni i progetti e le attivit\u00e0 della Fondazione Anny-Klawa-Morf. La fondazione \u00e8 esentata dal pagamento delle imposte nel cantone in cui ha sede, in quanto riconosciuta di pubblica utilit\u00e0. Di conseguenza, le donazioni volontarie a favore della fondazione sono deducibili nei limiti previsti dalla legge. Tutte le donazioni vengono divulgate nella relazione annuale, indicandone la [&hellip;]<\/p>\n","protected":false},"author":1,"featured_media":0,"parent":1565,"menu_order":0,"comment_status":"closed","ping_status":"closed","template":"","meta":{"footnotes":""},"class_list":["post-1657","page","type-page","status-publish","hentry"],"aioseo_notices":[],"_links":{"self":[{"href":"https:\/\/anny-klawa-morf.ch\/it\/wp-json\/wp\/v2\/pages\/1657","targetHints":{"allow":["GET"]}}],"collection":[{"href":"https:\/\/anny-klawa-morf.ch\/it\/wp-json\/wp\/v2\/pages"}],"about":[{"href":"https:\/\/anny-klawa-morf.ch\/it\/wp-json\/wp\/v2\/types\/page"}],"author":[{"embeddable":true,"href":"https:\/\/anny-klawa-morf.ch\/it\/wp-json\/wp\/v2\/users\/1"}],"replies":[{"embeddable":true,"href":"https:\/\/anny-klawa-morf.ch\/it\/wp-json\/wp\/v2\/comments?post=1657"}],"version-history":[{"count":9,"href":"https:\/\/anny-klawa-morf.ch\/it\/wp-json\/wp\/v2\/pages\/1657\/revisions"}],"predecessor-version":[{"id":7598,"href":"https:\/\/anny-klawa-morf.ch\/it\/wp-json\/wp\/v2\/pages\/1657\/revisions\/7598"}],"up":[{"embeddable":true,"href":"https:\/\/anny-klawa-morf.ch\/it\/wp-json\/wp\/v2\/pages\/1565"}],"wp:attachment":[{"href":"https:\/\/anny-klawa-morf.ch\/it\/wp-json\/wp\/v2\/media?parent=1657"}],"curies":[{"name":"wp","href":"https:\/\/api.w.org\/{rel}","templated":true}]}}