{"id":1592,"date":"2020-04-03T12:36:19","date_gmt":"2020-04-03T11:36:19","guid":{"rendered":"https:\/\/anny-klawa-morf.ch\/?page_id=1592"},"modified":"2022-09-21T15:53:56","modified_gmt":"2022-09-21T14:53:56","slug":"compito","status":"publish","type":"page","link":"https:\/\/anny-klawa-morf.ch\/it\/fondazione\/compito\/","title":{"rendered":"Compito"},"content":{"rendered":"\n<p>Attraverso la formazione politica, la Fondazione Anny Klawa-Morf si impegna per la libert\u00e0, la giustizia, l\u2019uguaglianza e la solidariet\u00e0 in tutta la Svizzera. Il suo intento \u00e8 promuovere e arricchire le discussioni sulla democrazia.<\/p>\n\n\n\n<p>La Fondazione Anny Klawa-Morf non \u00e8 una fondazione donatrice e pertanto non fornisce contributi finanziari. In qualit\u00e0 di fondazione operativa, sviluppa progetti propri o di cooperazione con partner per realizzare il suo scopo nell\u2019ambito della formazione politica.&nbsp;<\/p>\n\n\n\n<p>Maggiori informazioni sono disponibili negli nostri <a href=\"https:\/\/anny-klawa-morf.ch\/wp-content\/uploads\/2020\/10\/AKM_Statuten_2020.pdf\" target=\"_blank\" rel=\"noreferrer noopener\" aria-label=\"statuti (\u00f6ffnet in neuem Tab)\">statuti<\/a>.<strong>&nbsp;<\/strong><\/p>\n\n\n\n<p>La Fondazione Anny Klawa-Morf \u00e8 finanziata da sovvenzioni e donazioni.\u00a0Le persone fisiche o giuridiche possono contribuire al successo e allo sviluppo delle attivit\u00e0 e dei progetti della Fondazione Anny Klawa-Morf nell\u2019ambito della formazione politica e democratica in Svizzera attraverso donazioni o lasciti, donazioni di immobili, titoli o altre forme di finanziamento. Non esiste un rapporto di sponsorizzazione tra il donatore e la Fondazione Anny Klawa-Morf: le donazioni sono effettuate senza condizioni o requisiti e non vi \u00e8 alcun obbligo di controprestazione. L\u2019origine e l\u2019importo di tutte le donazioni sono resi noti nel rapporto annuale. La Fondazione rifiuta le donazioni anonime.<\/p>\n\n\n\n<p>La Fondazione aderisce in tutte le sue attivit\u00e0 alla&nbsp;<a href=\"https:\/\/anny-klawa-morf.ch\/wp-content\/uploads\/2020\/03\/Ethik-Charta-AKM-Stiftung_IT.pdf\">Carta etica,<\/a>&nbsp;in conformit\u00e0 con l\u2019atto di fondazione.<\/p>\n","protected":false},"excerpt":{"rendered":"<p>Attraverso la formazione politica, la Fondazione Anny Klawa-Morf si impegna per la libert\u00e0, la giustizia, l\u2019uguaglianza e la solidariet\u00e0 in tutta la Svizzera. Il suo intento \u00e8 promuovere e arricchire le discussioni sulla democrazia. La Fondazione Anny Klawa-Morf non \u00e8 una fondazione donatrice e pertanto non fornisce contributi finanziari. In qualit\u00e0 di fondazione operativa, sviluppa [&hellip;]<\/p>\n","protected":false},"author":1,"featured_media":0,"parent":1565,"menu_order":0,"comment_status":"closed","ping_status":"closed","template":"","meta":{"footnotes":""},"class_list":["post-1592","page","type-page","status-publish","hentry"],"aioseo_notices":[],"_links":{"self":[{"href":"https:\/\/anny-klawa-morf.ch\/it\/wp-json\/wp\/v2\/pages\/1592","targetHints":{"allow":["GET"]}}],"collection":[{"href":"https:\/\/anny-klawa-morf.ch\/it\/wp-json\/wp\/v2\/pages"}],"about":[{"href":"https:\/\/anny-klawa-morf.ch\/it\/wp-json\/wp\/v2\/types\/page"}],"author":[{"embeddable":true,"href":"https:\/\/anny-klawa-morf.ch\/it\/wp-json\/wp\/v2\/users\/1"}],"replies":[{"embeddable":true,"href":"https:\/\/anny-klawa-morf.ch\/it\/wp-json\/wp\/v2\/comments?post=1592"}],"version-history":[{"count":13,"href":"https:\/\/anny-klawa-morf.ch\/it\/wp-json\/wp\/v2\/pages\/1592\/revisions"}],"predecessor-version":[{"id":4793,"href":"https:\/\/anny-klawa-morf.ch\/it\/wp-json\/wp\/v2\/pages\/1592\/revisions\/4793"}],"up":[{"embeddable":true,"href":"https:\/\/anny-klawa-morf.ch\/it\/wp-json\/wp\/v2\/pages\/1565"}],"wp:attachment":[{"href":"https:\/\/anny-klawa-morf.ch\/it\/wp-json\/wp\/v2\/media?parent=1592"}],"curies":[{"name":"wp","href":"https:\/\/api.w.org\/{rel}","templated":true}]}}