{"id":55,"date":"2019-09-12T14:43:40","date_gmt":"2019-09-12T14:43:40","guid":{"rendered":"https:\/\/anny-klawa-morf.ch\/?page_id=55"},"modified":"2025-03-11T16:07:04","modified_gmt":"2025-03-11T15:07:04","slug":"mission","status":"publish","type":"page","link":"https:\/\/anny-klawa-morf.ch\/fr\/fondation\/mission\/","title":{"rendered":"Mission"},"content":{"rendered":"\n<p>La Fondation Anny-Klawa-Morf s\u2019engage dans toute la Suisse en faveur de l\u2019\u00e9ducation politique pour la libert\u00e9, la justice, l\u2019\u00e9galit\u00e9 et la solidarit\u00e9. Elle souhaite encourager et enrichir les discussions portant sur la d\u00e9mocratie.<\/p>\n\n\n\n<p>La Fondation Anny-Klawa-Morf n\u2019est pas une fondation donatrice et n\u2019accorde pas de contributions financi\u00e8res. En tant que fondation op\u00e9rationnelle, elle d\u00e9veloppe des projets en coop\u00e9ration avec des partenaires ainsi que ses propres projets afin de mettre en place ses objectifs en mati\u00e8re d\u2019\u00e9ducation politique.<\/p>\n\n\n\n<p>Pour de plus amples informations, consultez notre <a href=\"https:\/\/anny-klawa-morf.ch\/wp-content\/uploads\/2020\/10\/AKM_Statuten_2020.pdf\" target=\"_blank\" rel=\"noreferrer noopener\" aria-label=\"statuts (\u00f6ffnet in neuem Tab)\">statuts<\/a>.<\/p>\n\n\n\n<p>La Fondation Anny-Klawa-Morf se finance au moyen de subventions et de dons. Les personnes physiques ou morales peuvent contribuer au succ\u00e8s et au d\u00e9veloppement des activit\u00e9s et des projets de la Fondation Anny-Klawa-Morf dans le domaine de l\u2019\u00e9ducation d\u00e9mocratique et politique en Suisse par le biais d\u2019un legs, de dons de biens immobiliers, de valeurs mobili\u00e8res ou autres soutiens. Il n\u2019y a pas de relation de parrainage entre le donateur et la Fondation Anny-Klawa-Morf : les dons sont vers\u00e9s sans conditions ni exigences et il n\u2019y a pas d\u2019obligation directe de contrepartie. L\u2019origine et le montant de tous les dons seront rendu publics dans le rapport annuel. La Fondation refuse les dons anonymes.<\/p>\n\n\n\n<p> En accord avec l\u2019acte de fonction, la Fondation suit les principes de la <a href=\"https:\/\/anny-klawa-morf.ch\/wp-content\/uploads\/2019\/11\/Ethik-Charta-AKM-Stiftung_FR.pdf\">Charte d\u2019\u00e9thique<\/a> dans toutes ses activit\u00e9s.<\/p>\n","protected":false},"excerpt":{"rendered":"<p>La Fondation Anny-Klawa-Morf s\u2019engage dans toute la Suisse en faveur de l\u2019\u00e9ducation politique pour la libert\u00e9, la justice, l\u2019\u00e9galit\u00e9 et la solidarit\u00e9. Elle souhaite encourager et enrichir les discussions portant sur la d\u00e9mocratie. La Fondation Anny-Klawa-Morf n\u2019est pas une fondation donatrice et n\u2019accorde pas de contributions financi\u00e8res. En tant que fondation op\u00e9rationnelle, elle d\u00e9veloppe des [&hellip;]<\/p>\n","protected":false},"author":1,"featured_media":0,"parent":53,"menu_order":0,"comment_status":"closed","ping_status":"closed","template":"","meta":{"footnotes":""},"class_list":["post-55","page","type-page","status-publish","hentry"],"aioseo_notices":[],"_links":{"self":[{"href":"https:\/\/anny-klawa-morf.ch\/fr\/wp-json\/wp\/v2\/pages\/55","targetHints":{"allow":["GET"]}}],"collection":[{"href":"https:\/\/anny-klawa-morf.ch\/fr\/wp-json\/wp\/v2\/pages"}],"about":[{"href":"https:\/\/anny-klawa-morf.ch\/fr\/wp-json\/wp\/v2\/types\/page"}],"author":[{"embeddable":true,"href":"https:\/\/anny-klawa-morf.ch\/fr\/wp-json\/wp\/v2\/users\/1"}],"replies":[{"embeddable":true,"href":"https:\/\/anny-klawa-morf.ch\/fr\/wp-json\/wp\/v2\/comments?post=55"}],"version-history":[{"count":13,"href":"https:\/\/anny-klawa-morf.ch\/fr\/wp-json\/wp\/v2\/pages\/55\/revisions"}],"predecessor-version":[{"id":7491,"href":"https:\/\/anny-klawa-morf.ch\/fr\/wp-json\/wp\/v2\/pages\/55\/revisions\/7491"}],"up":[{"embeddable":true,"href":"https:\/\/anny-klawa-morf.ch\/fr\/wp-json\/wp\/v2\/pages\/53"}],"wp:attachment":[{"href":"https:\/\/anny-klawa-morf.ch\/fr\/wp-json\/wp\/v2\/media?parent=55"}],"curies":[{"name":"wp","href":"https:\/\/api.w.org\/{rel}","templated":true}]}}