{"id":153,"date":"2019-09-16T13:21:25","date_gmt":"2019-09-16T13:21:25","guid":{"rendered":"https:\/\/anny-klawa-morf.ch\/?page_id=153"},"modified":"2023-05-16T12:19:47","modified_gmt":"2023-05-16T11:19:47","slug":"evenements","status":"publish","type":"page","link":"https:\/\/anny-klawa-morf.ch\/fr\/evenements\/","title":{"rendered":"\u00c9v\u00e9nements"},"content":{"rendered":"\n<p>Vous trouverez ici nos \u00e9v\u00e9nements pr\u00e9vus en fran\u00e7ais. Vous trouverez d&rsquo;autres \u00e9v\u00e9nements en allemand <a href=\"https:\/\/anny-klawa-morf.ch\/veranstaltungen\/\">ici<\/a>.<\/p>\n","protected":false},"excerpt":{"rendered":"<p>Vous trouverez ici nos \u00e9v\u00e9nements pr\u00e9vus en fran\u00e7ais. Vous trouverez d&rsquo;autres \u00e9v\u00e9nements en allemand ici.<\/p>\n","protected":false},"author":1,"featured_media":0,"parent":0,"menu_order":0,"comment_status":"closed","ping_status":"closed","template":"pages\/template-veranstaltungen.php","meta":{"footnotes":""},"class_list":["post-153","page","type-page","status-publish","hentry"],"aioseo_notices":[],"_links":{"self":[{"href":"https:\/\/anny-klawa-morf.ch\/fr\/wp-json\/wp\/v2\/pages\/153","targetHints":{"allow":["GET"]}}],"collection":[{"href":"https:\/\/anny-klawa-morf.ch\/fr\/wp-json\/wp\/v2\/pages"}],"about":[{"href":"https:\/\/anny-klawa-morf.ch\/fr\/wp-json\/wp\/v2\/types\/page"}],"author":[{"embeddable":true,"href":"https:\/\/anny-klawa-morf.ch\/fr\/wp-json\/wp\/v2\/users\/1"}],"replies":[{"embeddable":true,"href":"https:\/\/anny-klawa-morf.ch\/fr\/wp-json\/wp\/v2\/comments?post=153"}],"version-history":[{"count":15,"href":"https:\/\/anny-klawa-morf.ch\/fr\/wp-json\/wp\/v2\/pages\/153\/revisions"}],"predecessor-version":[{"id":5907,"href":"https:\/\/anny-klawa-morf.ch\/fr\/wp-json\/wp\/v2\/pages\/153\/revisions\/5907"}],"wp:attachment":[{"href":"https:\/\/anny-klawa-morf.ch\/fr\/wp-json\/wp\/v2\/media?parent=153"}],"curies":[{"name":"wp","href":"https:\/\/api.w.org\/{rel}","templated":true}]}}